{"id":160,"date":"2021-06-04T11:01:26","date_gmt":"2021-06-04T09:01:26","guid":{"rendered":"http:\/\/apis-solutions.com\/?page_id=160"},"modified":"2021-09-17T16:24:05","modified_gmt":"2021-09-17T14:24:05","slug":"nos-expertises","status":"publish","type":"page","link":"https:\/\/apis-solutions.com\/index.php\/nos-expertises\/","title":{"rendered":"Nos Expertises"},"content":{"rendered":"\n<div class=\"wp-block-cover alignfull\"><img loading=\"lazy\" width=\"2560\" height=\"1707\" class=\"wp-block-cover__image-background wp-image-153\" alt=\"\" src=\"https:\/\/apis-solutions.com\/wp-content\/uploads\/2021\/06\/pexels-max-andrey-1333396-scaled.jpg\" style=\"object-position:91% 88%\" data-object-fit=\"cover\" data-object-position=\"91% 88%\" srcset=\"https:\/\/apis-solutions.com\/wp-content\/uploads\/2021\/06\/pexels-max-andrey-1333396-scaled.jpg 2560w, https:\/\/apis-solutions.com\/wp-content\/uploads\/2021\/06\/pexels-max-andrey-1333396-300x200.jpg 300w, https:\/\/apis-solutions.com\/wp-content\/uploads\/2021\/06\/pexels-max-andrey-1333396-1024x683.jpg 1024w, https:\/\/apis-solutions.com\/wp-content\/uploads\/2021\/06\/pexels-max-andrey-1333396-768x512.jpg 768w, https:\/\/apis-solutions.com\/wp-content\/uploads\/2021\/06\/pexels-max-andrey-1333396-1536x1024.jpg 1536w, https:\/\/apis-solutions.com\/wp-content\/uploads\/2021\/06\/pexels-max-andrey-1333396-2048x1365.jpg 2048w\" sizes=\"(max-width: 2560px) 100vw, 2560px\" \/><div class=\"wp-block-cover__inner-container\">\n<p class=\"has-text-align-center has-large-font-size\">Apis Solutions&nbsp;propose une expertise plurielle au service d\u2019une vision globale de la gestion de la cha\u00eene des d\u00e9chets pour des villes durables<\/p>\n<\/div><\/div>\n\n\n\n<p>Apis Solutions associe des expertises pluridisciplinaires r\u00e9parties sur la cha\u00eene de valeur des d\u00e9chets. L\u2019\u00e9quipe multiculturelle apporte une lecture plurielle des probl\u00e9matiques permettant une analyse pragmatique des enjeux.<\/p>\n\n\n\n<h2 id=\"Financement\">Financer et organiser les projets<\/h2>\n\n\n\n<p>L\u2019accompagnement des villes et des projets ne se limite pas aux aspects techniques. La premi\u00e8re \u00e9tape consiste \u00e0 conseiller et assister les villes pour mettre en place leur projet.&nbsp;<\/p>\n\n\n\n<p>Un accompagnement juridique structure les statuts et le cadre l\u00e9gal du projet afin de simplifier et d\u2019aligner le projet sur les exigences internationales par une proc\u00e9dure ad\u00e9quate d&rsquo;attribution des droits, la mise en place d\u2019une SPV, et le traitement des questions fonci\u00e8res.<\/p>\n\n\n\n<p>L\u2019accompagnement se traduit \u00e9galement par la recherche d\u2019investisseurs et de financements vari\u00e9s aussi bien priv\u00e9s que publics, de fa\u00e7on \u00e0 cr\u00e9er un projet autonome, auto-financ\u00e9 et rentable sur la dur\u00e9e. L\u2019adoption d\u2019un nouveau syst\u00e8me de gestion des d\u00e9chets \u00e9tant un investissement vertueux sur le long terme, nous faisons le choix de nous tourner en majorit\u00e9 vers des fonds \u00e0 impacts et des investisseurs qui souhaitent s\u2019engager de&nbsp;mani\u00e8re durable et responsable.<\/p>\n\n\n\n<h2 id=\"Pre-collecte\">Collecter et g\u00e9rer les d\u00e9chets<\/h2>\n\n\n\n<p>Des syst\u00e8mes de pr\u00e9-collecte innovants fond\u00e9s sur une approche participative, une digitalisation accrue et des points multi-flux permet \u00e0 Apis Solutions d\u2019adapter ses principes aux besoins et aux capacit\u00e9s des villes. Pour accompagner cette pr\u00e9-collecte, Apis Solutions prend appui sur les exp\u00e9riences d\u00e9j\u00e0 d\u00e9ploy\u00e9es par la soci\u00e9t\u00e9 civile au plus pr\u00e8s du terrain et les g\u00e9n\u00e9ralise \u00e0 l\u2019ensemble des villes. Apis Solutions dispose d\u2019expertise en mati\u00e8re de d\u00e9chets sp\u00e9ciaux et de d\u00e9pollution des sites.<\/p>\n\n\n\n<p id=\"traitement-dechet\">Apis Solutions met en place plusieurs syst\u00e8me de traitement. Les d\u00e9chets solides sont s\u00e9par\u00e9s et quand c\u2019est possible trait\u00e9s puis revendus aux industriels locaux. Les d\u00e9chets fermentescibles sont eux r\u00e9cup\u00e9r\u00e9s et utilis\u00e9s dans des unit\u00e9s de m\u00e9thanisation afin de produire de l\u2019\u00e9nergie. En fonction des besoins et des infrastructures de la ville nous choisissons un \u00e9quilibre entre les productions de gaz et\/ou une transformation en \u00e9lectricit\u00e9. Les restes issus de la m\u00e9thanisation peuvent \u00eatre utilis\u00e9s comme compost et revendus. Ce processus de m\u00e9thanisation est possible gr\u00e2ce \u00e0 l\u2019expertise dans le domaine de la bioraffinerie environnementale.<\/p>\n\n\n\n<div class=\"wp-block-image\"><figure class=\"aligncenter size-large is-resized\"><img loading=\"lazy\" src=\"https:\/\/apis-solutions.com\/wp-content\/uploads\/2021\/06\/Schema-tech-1024x853.jpeg\" alt=\"Sch\u00e9ma technique methanisation\" class=\"wp-image-223\" width=\"691\" height=\"576\" srcset=\"https:\/\/apis-solutions.com\/wp-content\/uploads\/2021\/06\/Schema-tech-1024x853.jpeg 1024w, https:\/\/apis-solutions.com\/wp-content\/uploads\/2021\/06\/Schema-tech-300x250.jpeg 300w, https:\/\/apis-solutions.com\/wp-content\/uploads\/2021\/06\/Schema-tech-768x640.jpeg 768w, https:\/\/apis-solutions.com\/wp-content\/uploads\/2021\/06\/Schema-tech.jpeg 1440w\" sizes=\"(max-width: 691px) 100vw, 691px\" \/><\/figure><\/div>\n\n\n\n<h2 id=\"decharge\">Traiter les d\u00e9charges et reconqu\u00e9rir l&rsquo;espace<\/h2>\n\n\n\n<p>Dans de nombreuses villes la question n\u2019est pas seulement d\u2019am\u00e9liorer la gestion du flux des d\u00e9chets et des processus de traitement, mais \u00e9galement de traiter les d\u00e9charges arriv\u00e9es \u00e0 saturation, qui ont des impacts n\u00e9gatifs sur l\u2019environnement et sur la sant\u00e9 publique. Les d\u00e9charges ont souvent \u00e9t\u00e9 pens\u00e9es \u00e0 des moments o\u00f9 la seule solution \u00e9tait l\u2019enfouissement. La croissance d\u00e9mographique et l\u2019urbanisation galopante sont souvent \u00e0 l\u2019origine de situations devenues dangereuses et qui doivent \u00eatre trait\u00e9es. La r\u00e9habilitation des d\u00e9charges qui s\u2019accompagne d\u2019op\u00e9ration de d\u00e9pollution des sols permet ainsi aux collectivit\u00e9s et aux habitants de reconqu\u00e9rir des espaces urbains et d\u2019\u00e9viter les \u00e9missions de gaz \u00e0 effet de serre gr\u00e2ce aux techniques de captage du m\u00e9thane accumul\u00e9.<\/p>\n\n\n\n<p>Gr\u00e2ce \u00e0 un tri efficace, Apis Solutions essaye de revaloriser un maximum de d\u00e9chets en diversifiant leurs utilisations (compost, reventes \u00e0 des entreprises innovantes \u2026) afin de limiter la part des d\u00e9chets ultimes qui seront enfouis. La strat\u00e9gie finale est pr\u00e9par\u00e9e avec la collectivit\u00e9 locale afin d\u2019apporter une solution durable et adapt\u00e9e aux besoins locaux en veillant aux \u00e9quilibres financiers. L\u2019offre Apis Solutions implique \u00e9galement la structuration juridique, l\u2019arrangement financier et la coordination avec l\u2019ensembles des parties prenantes dans une approche globale alliant agilit\u00e9, inclusion impact social et environnemental, apport des technologies.<\/p>\n\n\n\n<div class=\"wp-block-image\"><figure class=\"aligncenter size-large\"><img loading=\"lazy\" width=\"800\" height=\"450\" src=\"https:\/\/apis-solutions.com\/wp-content\/uploads\/2021\/06\/schema-apis-pas-logo.png\" alt=\"\" class=\"wp-image-233\" srcset=\"https:\/\/apis-solutions.com\/wp-content\/uploads\/2021\/06\/schema-apis-pas-logo.png 800w, https:\/\/apis-solutions.com\/wp-content\/uploads\/2021\/06\/schema-apis-pas-logo-300x169.png 300w, https:\/\/apis-solutions.com\/wp-content\/uploads\/2021\/06\/schema-apis-pas-logo-768x432.png 768w\" sizes=\"(max-width: 800px) 100vw, 800px\" \/><\/figure><\/div>\n\n\n\n<p><\/p>\n","protected":false},"excerpt":{"rendered":"<p>Apis Solutions associe des expertises pluridisciplinaires r\u00e9parties sur la cha\u00eene de valeur des d\u00e9chets. L\u2019\u00e9quipe multiculturelle apporte une lecture plurielle des probl\u00e9matiques permettant une analyse pragmatique des enjeux. Financer et organiser les projets L\u2019accompagnement des villes et des projets ne se limite pas aux aspects techniques. La premi\u00e8re \u00e9tape consiste \u00e0 conseiller et assister les villes pour mettre en place leur projet.&nbsp; Un accompagnement juridique structure les statuts et le cadre l\u00e9gal du projet afin de simplifier et d\u2019aligner le projet sur les exigences internationales par une proc\u00e9dure ad\u00e9quate d&rsquo;attribution des droits, la mise en place d\u2019une SPV, et le\u2026<\/p>\n","protected":false},"author":1,"featured_media":0,"parent":0,"menu_order":0,"comment_status":"closed","ping_status":"closed","template":"","meta":[],"blocksy_meta":"","yoast_head":"<!-- This site is optimized with the Yoast SEO plugin v19.13 - https:\/\/yoast.com\/wordpress\/plugins\/seo\/ -->\n<title>Nos Expertises - Apis-Solutions<\/title>\n<meta name=\"description\" content=\"Apis Solutions\u00a0propose une expertise plurielle au service d\u2019une vision globale de la gestion de la cha\u00eene des d\u00e9chets pour des villes durables\" \/>\n<meta name=\"robots\" content=\"index, follow, max-snippet:-1, max-image-preview:large, max-video-preview:-1\" \/>\n<link rel=\"canonical\" href=\"https:\/\/apis-solutions.com\/index.php\/nos-expertises\/\" \/>\n<meta property=\"og:locale\" content=\"fr_FR\" \/>\n<meta property=\"og:type\" content=\"article\" \/>\n<meta property=\"og:title\" content=\"Nos Expertises - Apis-Solutions\" \/>\n<meta property=\"og:description\" content=\"Apis Solutions\u00a0propose une expertise plurielle au service d\u2019une vision globale de la gestion de la cha\u00eene des d\u00e9chets pour des villes durables\" \/>\n<meta property=\"og:url\" content=\"https:\/\/apis-solutions.com\/index.php\/nos-expertises\/\" \/>\n<meta property=\"og:site_name\" content=\"Apis-Solutions\" \/>\n<meta property=\"article:modified_time\" content=\"2021-09-17T14:24:05+00:00\" \/>\n<meta property=\"og:image\" content=\"http:\/\/apis-solutions.com\/wp-content\/uploads\/2021\/06\/pexels-max-andrey-1333396-scaled.jpg\" \/>\n<meta name=\"twitter:card\" content=\"summary_large_image\" \/>\n<meta name=\"twitter:label1\" content=\"Dur\u00e9e de lecture estim\u00e9e\" \/>\n\t<meta name=\"twitter:data1\" content=\"4 minutes\" \/>\n<script type=\"application\/ld+json\" class=\"yoast-schema-graph\">{\"@context\":\"https:\/\/schema.org\",\"@graph\":[{\"@type\":\"WebPage\",\"@id\":\"https:\/\/apis-solutions.com\/index.php\/nos-expertises\/\",\"url\":\"https:\/\/apis-solutions.com\/index.php\/nos-expertises\/\",\"name\":\"Nos Expertises - Apis-Solutions\",\"isPartOf\":{\"@id\":\"https:\/\/apis-solutions.com\/#website\"},\"datePublished\":\"2021-06-04T09:01:26+00:00\",\"dateModified\":\"2021-09-17T14:24:05+00:00\",\"description\":\"Apis Solutions\u00a0propose une expertise plurielle au service d\u2019une vision globale de la gestion de la cha\u00eene des d\u00e9chets pour des villes durables\",\"breadcrumb\":{\"@id\":\"https:\/\/apis-solutions.com\/index.php\/nos-expertises\/#breadcrumb\"},\"inLanguage\":\"fr-FR\",\"potentialAction\":[{\"@type\":\"ReadAction\",\"target\":[\"https:\/\/apis-solutions.com\/index.php\/nos-expertises\/\"]}]},{\"@type\":\"BreadcrumbList\",\"@id\":\"https:\/\/apis-solutions.com\/index.php\/nos-expertises\/#breadcrumb\",\"itemListElement\":[{\"@type\":\"ListItem\",\"position\":1,\"name\":\"Accueil\",\"item\":\"https:\/\/apis-solutions.com\/\"},{\"@type\":\"ListItem\",\"position\":2,\"name\":\"Nos Expertises\"}]},{\"@type\":\"WebSite\",\"@id\":\"https:\/\/apis-solutions.com\/#website\",\"url\":\"https:\/\/apis-solutions.com\/\",\"name\":\"Apis-Solutions\",\"description\":\"\",\"publisher\":{\"@id\":\"https:\/\/apis-solutions.com\/#organization\"},\"potentialAction\":[{\"@type\":\"SearchAction\",\"target\":{\"@type\":\"EntryPoint\",\"urlTemplate\":\"https:\/\/apis-solutions.com\/?s={search_term_string}\"},\"query-input\":\"required name=search_term_string\"}],\"inLanguage\":\"fr-FR\"},{\"@type\":\"Organization\",\"@id\":\"https:\/\/apis-solutions.com\/#organization\",\"name\":\"Apis-Solutions\",\"url\":\"https:\/\/apis-solutions.com\/\",\"logo\":{\"@type\":\"ImageObject\",\"inLanguage\":\"fr-FR\",\"@id\":\"https:\/\/apis-solutions.com\/#\/schema\/logo\/image\/\",\"url\":\"https:\/\/apis-solutions.com\/wp-content\/uploads\/2021\/02\/logo-02-1.png\",\"contentUrl\":\"https:\/\/apis-solutions.com\/wp-content\/uploads\/2021\/02\/logo-02-1.png\",\"width\":8334,\"height\":8334,\"caption\":\"Apis-Solutions\"},\"image\":{\"@id\":\"https:\/\/apis-solutions.com\/#\/schema\/logo\/image\/\"}}]}<\/script>\n<!-- \/ Yoast SEO plugin. -->","yoast_head_json":{"title":"Nos Expertises - Apis-Solutions","description":"Apis Solutions\u00a0propose une expertise plurielle au service d\u2019une vision globale de la gestion de la cha\u00eene des d\u00e9chets pour des villes durables","robots":{"index":"index","follow":"follow","max-snippet":"max-snippet:-1","max-image-preview":"max-image-preview:large","max-video-preview":"max-video-preview:-1"},"canonical":"https:\/\/apis-solutions.com\/index.php\/nos-expertises\/","og_locale":"fr_FR","og_type":"article","og_title":"Nos Expertises - Apis-Solutions","og_description":"Apis Solutions\u00a0propose une expertise plurielle au service d\u2019une vision globale de la gestion de la cha\u00eene des d\u00e9chets pour des villes durables","og_url":"https:\/\/apis-solutions.com\/index.php\/nos-expertises\/","og_site_name":"Apis-Solutions","article_modified_time":"2021-09-17T14:24:05+00:00","og_image":[{"url":"http:\/\/apis-solutions.com\/wp-content\/uploads\/2021\/06\/pexels-max-andrey-1333396-scaled.jpg"}],"twitter_card":"summary_large_image","twitter_misc":{"Dur\u00e9e de lecture estim\u00e9e":"4 minutes"},"schema":{"@context":"https:\/\/schema.org","@graph":[{"@type":"WebPage","@id":"https:\/\/apis-solutions.com\/index.php\/nos-expertises\/","url":"https:\/\/apis-solutions.com\/index.php\/nos-expertises\/","name":"Nos Expertises - Apis-Solutions","isPartOf":{"@id":"https:\/\/apis-solutions.com\/#website"},"datePublished":"2021-06-04T09:01:26+00:00","dateModified":"2021-09-17T14:24:05+00:00","description":"Apis Solutions\u00a0propose une expertise plurielle au service d\u2019une vision globale de la gestion de la cha\u00eene des d\u00e9chets pour des villes durables","breadcrumb":{"@id":"https:\/\/apis-solutions.com\/index.php\/nos-expertises\/#breadcrumb"},"inLanguage":"fr-FR","potentialAction":[{"@type":"ReadAction","target":["https:\/\/apis-solutions.com\/index.php\/nos-expertises\/"]}]},{"@type":"BreadcrumbList","@id":"https:\/\/apis-solutions.com\/index.php\/nos-expertises\/#breadcrumb","itemListElement":[{"@type":"ListItem","position":1,"name":"Accueil","item":"https:\/\/apis-solutions.com\/"},{"@type":"ListItem","position":2,"name":"Nos Expertises"}]},{"@type":"WebSite","@id":"https:\/\/apis-solutions.com\/#website","url":"https:\/\/apis-solutions.com\/","name":"Apis-Solutions","description":"","publisher":{"@id":"https:\/\/apis-solutions.com\/#organization"},"potentialAction":[{"@type":"SearchAction","target":{"@type":"EntryPoint","urlTemplate":"https:\/\/apis-solutions.com\/?s={search_term_string}"},"query-input":"required name=search_term_string"}],"inLanguage":"fr-FR"},{"@type":"Organization","@id":"https:\/\/apis-solutions.com\/#organization","name":"Apis-Solutions","url":"https:\/\/apis-solutions.com\/","logo":{"@type":"ImageObject","inLanguage":"fr-FR","@id":"https:\/\/apis-solutions.com\/#\/schema\/logo\/image\/","url":"https:\/\/apis-solutions.com\/wp-content\/uploads\/2021\/02\/logo-02-1.png","contentUrl":"https:\/\/apis-solutions.com\/wp-content\/uploads\/2021\/02\/logo-02-1.png","width":8334,"height":8334,"caption":"Apis-Solutions"},"image":{"@id":"https:\/\/apis-solutions.com\/#\/schema\/logo\/image\/"}}]}},"_links":{"self":[{"href":"https:\/\/apis-solutions.com\/index.php\/wp-json\/wp\/v2\/pages\/160"}],"collection":[{"href":"https:\/\/apis-solutions.com\/index.php\/wp-json\/wp\/v2\/pages"}],"about":[{"href":"https:\/\/apis-solutions.com\/index.php\/wp-json\/wp\/v2\/types\/page"}],"author":[{"embeddable":true,"href":"https:\/\/apis-solutions.com\/index.php\/wp-json\/wp\/v2\/users\/1"}],"replies":[{"embeddable":true,"href":"https:\/\/apis-solutions.com\/index.php\/wp-json\/wp\/v2\/comments?post=160"}],"version-history":[{"count":17,"href":"https:\/\/apis-solutions.com\/index.php\/wp-json\/wp\/v2\/pages\/160\/revisions"}],"predecessor-version":[{"id":293,"href":"https:\/\/apis-solutions.com\/index.php\/wp-json\/wp\/v2\/pages\/160\/revisions\/293"}],"wp:attachment":[{"href":"https:\/\/apis-solutions.com\/index.php\/wp-json\/wp\/v2\/media?parent=160"}],"curies":[{"name":"wp","href":"https:\/\/api.w.org\/{rel}","templated":true}]}}