{"id":163,"date":"2021-06-03T17:57:10","date_gmt":"2021-06-03T15:57:10","guid":{"rendered":"http:\/\/apis-solutions.com\/?page_id=163"},"modified":"2021-09-17T15:11:21","modified_gmt":"2021-09-17T13:11:21","slug":"qui-sommes-nous","status":"publish","type":"page","link":"https:\/\/apis-solutions.com\/index.php\/qui-sommes-nous\/","title":{"rendered":"Qui sommes-nous"},"content":{"rendered":"\n<h2>Apis Solutions est aujourd&rsquo;hui compos\u00e9 de ses membres fondateurs et des membres du comit\u00e9 de direction<\/h2>\n\n\n\n<div class=\"wp-block-media-text alignwide has-media-on-the-right is-stacked-on-mobile\" style=\"grid-template-columns:auto 32%\"><figure class=\"wp-block-media-text__media\"><img loading=\"lazy\" width=\"303\" height=\"180\" src=\"https:\/\/apis-solutions.com\/wp-content\/uploads\/2021\/01\/Logo_Mya_Partners.png\" alt=\"\" class=\"wp-image-56 size-full\" srcset=\"https:\/\/apis-solutions.com\/wp-content\/uploads\/2021\/01\/Logo_Mya_Partners.png 303w, https:\/\/apis-solutions.com\/wp-content\/uploads\/2021\/01\/Logo_Mya_Partners-300x178.png 300w\" sizes=\"(max-width: 303px) 100vw, 303px\" \/><\/figure><div class=\"wp-block-media-text__content\">\n<p class=\"has-large-font-size\">Marie-Yvonne Charlemagne<\/p>\n\n\n\n<p>Associ\u00e9 Fondateur de MYA Partners et Pr\u00e9sidente de Apis Solutions<\/p>\n<\/div><\/div>\n\n\n\n<div class=\"wp-block-media-text alignwide has-media-on-the-right is-stacked-on-mobile\" style=\"grid-template-columns:auto 32%\"><figure class=\"wp-block-media-text__media\"><img loading=\"lazy\" width=\"1024\" height=\"360\" src=\"https:\/\/apis-solutions.com\/wp-content\/uploads\/2021\/06\/logoARB-Capital_rvbEN.png\" alt=\"\" class=\"wp-image-230 size-full\" srcset=\"https:\/\/apis-solutions.com\/wp-content\/uploads\/2021\/06\/logoARB-Capital_rvbEN.png 1024w, https:\/\/apis-solutions.com\/wp-content\/uploads\/2021\/06\/logoARB-Capital_rvbEN-300x105.png 300w, https:\/\/apis-solutions.com\/wp-content\/uploads\/2021\/06\/logoARB-Capital_rvbEN-768x270.png 768w\" sizes=\"(max-width: 1024px) 100vw, 1024px\" \/><\/figure><div class=\"wp-block-media-text__content\">\n<p class=\"has-large-font-size\">John Ravaloson<\/p>\n\n\n\n<p>Directeur G\u00e9n\u00e9ral d&rsquo;ARB Capital<\/p>\n<\/div><\/div>\n\n\n\n<div class=\"wp-block-media-text alignwide has-media-on-the-right is-stacked-on-mobile\" style=\"grid-template-columns:auto 32%\"><figure class=\"wp-block-media-text__media\"><img loading=\"lazy\" width=\"1024\" height=\"310\" src=\"https:\/\/apis-solutions.com\/wp-content\/uploads\/2021\/06\/KERTALG-logo-fond-blanc-1-1024x310.png\" alt=\"\" class=\"wp-image-222 size-full\" srcset=\"https:\/\/apis-solutions.com\/wp-content\/uploads\/2021\/06\/KERTALG-logo-fond-blanc-1-1024x310.png 1024w, https:\/\/apis-solutions.com\/wp-content\/uploads\/2021\/06\/KERTALG-logo-fond-blanc-1-300x91.png 300w, https:\/\/apis-solutions.com\/wp-content\/uploads\/2021\/06\/KERTALG-logo-fond-blanc-1-768x233.png 768w, https:\/\/apis-solutions.com\/wp-content\/uploads\/2021\/06\/KERTALG-logo-fond-blanc-1-1536x466.png 1536w, https:\/\/apis-solutions.com\/wp-content\/uploads\/2021\/06\/KERTALG-logo-fond-blanc-1-2048x621.png 2048w\" sizes=\"(max-width: 1024px) 100vw, 1024px\" \/><\/figure><div class=\"wp-block-media-text__content\">\n<p class=\"has-large-font-size\">Hadrien Richard<\/p>\n\n\n\n<p>Directeur G\u00e9n\u00e9ral de Kertalg<\/p>\n<\/div><\/div>\n\n\n\n<div class=\"wp-block-media-text alignwide has-media-on-the-right is-stacked-on-mobile\" style=\"grid-template-columns:auto 32%\"><figure class=\"wp-block-media-text__media\"><img loading=\"lazy\" width=\"231\" height=\"120\" src=\"https:\/\/apis-solutions.com\/wp-content\/uploads\/2021\/01\/logo-adonis-1.jpg\" alt=\"\" class=\"wp-image-68 size-full\"\/><\/figure><div class=\"wp-block-media-text__content\">\n<p class=\"has-large-font-size\">Bruno Landrier<\/p>\n\n\n\n<p>Directeur G\u00e9n\u00e9ral d&rsquo;Adonis<\/p>\n<\/div><\/div>\n\n\n\n<div class=\"wp-block-media-text alignwide has-media-on-the-right is-stacked-on-mobile\" style=\"grid-template-columns:auto 32%\"><figure class=\"wp-block-media-text__media\"><img loading=\"lazy\" width=\"1024\" height=\"247\" src=\"https:\/\/apis-solutions.com\/wp-content\/uploads\/2021\/01\/LOGO-GI-vert-HTE-RES-1-1024x247.jpg\" alt=\"Apis-Logo-Gregori-International\" class=\"wp-image-70 size-full\" srcset=\"https:\/\/apis-solutions.com\/wp-content\/uploads\/2021\/01\/LOGO-GI-vert-HTE-RES-1-1024x247.jpg 1024w, https:\/\/apis-solutions.com\/wp-content\/uploads\/2021\/01\/LOGO-GI-vert-HTE-RES-1-300x72.jpg 300w, https:\/\/apis-solutions.com\/wp-content\/uploads\/2021\/01\/LOGO-GI-vert-HTE-RES-1-768x185.jpg 768w, https:\/\/apis-solutions.com\/wp-content\/uploads\/2021\/01\/LOGO-GI-vert-HTE-RES-1.jpg 1226w\" sizes=\"(max-width: 1024px) 100vw, 1024px\" \/><\/figure><div class=\"wp-block-media-text__content\">\n<p class=\"has-large-font-size\">Isma\u00efl Himdi<\/p>\n\n\n\n<p>Directeur de d\u00e9veloppement de Gregori International <\/p>\n<\/div><\/div>\n\n\n\n<p><\/p>\n\n\n\n<p><\/p>\n","protected":false},"excerpt":{"rendered":"<p>Apis Solutions est aujourd&rsquo;hui compos\u00e9 de ses membres fondateurs et des membres du comit\u00e9 de direction Marie-Yvonne Charlemagne Associ\u00e9 Fondateur de MYA Partners et Pr\u00e9sidente de Apis Solutions John Ravaloson Directeur G\u00e9n\u00e9ral d&rsquo;ARB Capital Hadrien Richard Directeur G\u00e9n\u00e9ral de Kertalg Bruno Landrier Directeur G\u00e9n\u00e9ral d&rsquo;Adonis Isma\u00efl Himdi Directeur de d\u00e9veloppement de Gregori International<\/p>\n","protected":false},"author":1,"featured_media":0,"parent":0,"menu_order":0,"comment_status":"closed","ping_status":"closed","template":"","meta":[],"blocksy_meta":"","yoast_head":"<!-- This site is optimized with the Yoast SEO plugin v19.13 - https:\/\/yoast.com\/wordpress\/plugins\/seo\/ -->\n<title>Qui sommes-nous - Apis-Solutions<\/title>\n<meta name=\"description\" content=\"Apis Solutions est aujourd&#039;hui compos\u00e9 de ses membres fondateurs et des membres du comit\u00e9 de direction\" \/>\n<meta name=\"robots\" content=\"index, follow, max-snippet:-1, max-image-preview:large, max-video-preview:-1\" \/>\n<link rel=\"canonical\" href=\"https:\/\/apis-solutions.com\/index.php\/qui-sommes-nous\/\" \/>\n<meta property=\"og:locale\" content=\"fr_FR\" \/>\n<meta property=\"og:type\" content=\"article\" \/>\n<meta property=\"og:title\" content=\"Qui sommes-nous - Apis-Solutions\" \/>\n<meta property=\"og:description\" content=\"Apis Solutions est aujourd&#039;hui compos\u00e9 de ses membres fondateurs et des membres du comit\u00e9 de direction\" \/>\n<meta property=\"og:url\" content=\"https:\/\/apis-solutions.com\/index.php\/qui-sommes-nous\/\" \/>\n<meta property=\"og:site_name\" content=\"Apis-Solutions\" \/>\n<meta property=\"article:modified_time\" content=\"2021-09-17T13:11:21+00:00\" \/>\n<meta property=\"og:image\" content=\"http:\/\/apis-solutions.com\/wp-content\/uploads\/2021\/01\/Logo_Mya_Partners.png\" \/>\n<meta name=\"twitter:card\" content=\"summary_large_image\" \/>\n<meta name=\"twitter:label1\" content=\"Dur\u00e9e de lecture estim\u00e9e\" \/>\n\t<meta name=\"twitter:data1\" content=\"2 minutes\" \/>\n<script type=\"application\/ld+json\" class=\"yoast-schema-graph\">{\"@context\":\"https:\/\/schema.org\",\"@graph\":[{\"@type\":\"WebPage\",\"@id\":\"https:\/\/apis-solutions.com\/index.php\/qui-sommes-nous\/\",\"url\":\"https:\/\/apis-solutions.com\/index.php\/qui-sommes-nous\/\",\"name\":\"Qui sommes-nous - Apis-Solutions\",\"isPartOf\":{\"@id\":\"https:\/\/apis-solutions.com\/#website\"},\"datePublished\":\"2021-06-03T15:57:10+00:00\",\"dateModified\":\"2021-09-17T13:11:21+00:00\",\"description\":\"Apis Solutions est aujourd'hui compos\u00e9 de ses membres fondateurs et des membres du comit\u00e9 de direction\",\"breadcrumb\":{\"@id\":\"https:\/\/apis-solutions.com\/index.php\/qui-sommes-nous\/#breadcrumb\"},\"inLanguage\":\"fr-FR\",\"potentialAction\":[{\"@type\":\"ReadAction\",\"target\":[\"https:\/\/apis-solutions.com\/index.php\/qui-sommes-nous\/\"]}]},{\"@type\":\"BreadcrumbList\",\"@id\":\"https:\/\/apis-solutions.com\/index.php\/qui-sommes-nous\/#breadcrumb\",\"itemListElement\":[{\"@type\":\"ListItem\",\"position\":1,\"name\":\"Accueil\",\"item\":\"https:\/\/apis-solutions.com\/\"},{\"@type\":\"ListItem\",\"position\":2,\"name\":\"Qui sommes-nous\"}]},{\"@type\":\"WebSite\",\"@id\":\"https:\/\/apis-solutions.com\/#website\",\"url\":\"https:\/\/apis-solutions.com\/\",\"name\":\"Apis-Solutions\",\"description\":\"\",\"publisher\":{\"@id\":\"https:\/\/apis-solutions.com\/#organization\"},\"potentialAction\":[{\"@type\":\"SearchAction\",\"target\":{\"@type\":\"EntryPoint\",\"urlTemplate\":\"https:\/\/apis-solutions.com\/?s={search_term_string}\"},\"query-input\":\"required name=search_term_string\"}],\"inLanguage\":\"fr-FR\"},{\"@type\":\"Organization\",\"@id\":\"https:\/\/apis-solutions.com\/#organization\",\"name\":\"Apis-Solutions\",\"url\":\"https:\/\/apis-solutions.com\/\",\"logo\":{\"@type\":\"ImageObject\",\"inLanguage\":\"fr-FR\",\"@id\":\"https:\/\/apis-solutions.com\/#\/schema\/logo\/image\/\",\"url\":\"https:\/\/apis-solutions.com\/wp-content\/uploads\/2021\/02\/logo-02-1.png\",\"contentUrl\":\"https:\/\/apis-solutions.com\/wp-content\/uploads\/2021\/02\/logo-02-1.png\",\"width\":8334,\"height\":8334,\"caption\":\"Apis-Solutions\"},\"image\":{\"@id\":\"https:\/\/apis-solutions.com\/#\/schema\/logo\/image\/\"}}]}<\/script>\n<!-- \/ Yoast SEO plugin. -->","yoast_head_json":{"title":"Qui sommes-nous - Apis-Solutions","description":"Apis Solutions est aujourd'hui compos\u00e9 de ses membres fondateurs et des membres du comit\u00e9 de direction","robots":{"index":"index","follow":"follow","max-snippet":"max-snippet:-1","max-image-preview":"max-image-preview:large","max-video-preview":"max-video-preview:-1"},"canonical":"https:\/\/apis-solutions.com\/index.php\/qui-sommes-nous\/","og_locale":"fr_FR","og_type":"article","og_title":"Qui sommes-nous - Apis-Solutions","og_description":"Apis Solutions est aujourd'hui compos\u00e9 de ses membres fondateurs et des membres du comit\u00e9 de direction","og_url":"https:\/\/apis-solutions.com\/index.php\/qui-sommes-nous\/","og_site_name":"Apis-Solutions","article_modified_time":"2021-09-17T13:11:21+00:00","og_image":[{"url":"http:\/\/apis-solutions.com\/wp-content\/uploads\/2021\/01\/Logo_Mya_Partners.png"}],"twitter_card":"summary_large_image","twitter_misc":{"Dur\u00e9e de lecture estim\u00e9e":"2 minutes"},"schema":{"@context":"https:\/\/schema.org","@graph":[{"@type":"WebPage","@id":"https:\/\/apis-solutions.com\/index.php\/qui-sommes-nous\/","url":"https:\/\/apis-solutions.com\/index.php\/qui-sommes-nous\/","name":"Qui sommes-nous - Apis-Solutions","isPartOf":{"@id":"https:\/\/apis-solutions.com\/#website"},"datePublished":"2021-06-03T15:57:10+00:00","dateModified":"2021-09-17T13:11:21+00:00","description":"Apis Solutions est aujourd'hui compos\u00e9 de ses membres fondateurs et des membres du comit\u00e9 de direction","breadcrumb":{"@id":"https:\/\/apis-solutions.com\/index.php\/qui-sommes-nous\/#breadcrumb"},"inLanguage":"fr-FR","potentialAction":[{"@type":"ReadAction","target":["https:\/\/apis-solutions.com\/index.php\/qui-sommes-nous\/"]}]},{"@type":"BreadcrumbList","@id":"https:\/\/apis-solutions.com\/index.php\/qui-sommes-nous\/#breadcrumb","itemListElement":[{"@type":"ListItem","position":1,"name":"Accueil","item":"https:\/\/apis-solutions.com\/"},{"@type":"ListItem","position":2,"name":"Qui sommes-nous"}]},{"@type":"WebSite","@id":"https:\/\/apis-solutions.com\/#website","url":"https:\/\/apis-solutions.com\/","name":"Apis-Solutions","description":"","publisher":{"@id":"https:\/\/apis-solutions.com\/#organization"},"potentialAction":[{"@type":"SearchAction","target":{"@type":"EntryPoint","urlTemplate":"https:\/\/apis-solutions.com\/?s={search_term_string}"},"query-input":"required name=search_term_string"}],"inLanguage":"fr-FR"},{"@type":"Organization","@id":"https:\/\/apis-solutions.com\/#organization","name":"Apis-Solutions","url":"https:\/\/apis-solutions.com\/","logo":{"@type":"ImageObject","inLanguage":"fr-FR","@id":"https:\/\/apis-solutions.com\/#\/schema\/logo\/image\/","url":"https:\/\/apis-solutions.com\/wp-content\/uploads\/2021\/02\/logo-02-1.png","contentUrl":"https:\/\/apis-solutions.com\/wp-content\/uploads\/2021\/02\/logo-02-1.png","width":8334,"height":8334,"caption":"Apis-Solutions"},"image":{"@id":"https:\/\/apis-solutions.com\/#\/schema\/logo\/image\/"}}]}},"_links":{"self":[{"href":"https:\/\/apis-solutions.com\/index.php\/wp-json\/wp\/v2\/pages\/163"}],"collection":[{"href":"https:\/\/apis-solutions.com\/index.php\/wp-json\/wp\/v2\/pages"}],"about":[{"href":"https:\/\/apis-solutions.com\/index.php\/wp-json\/wp\/v2\/types\/page"}],"author":[{"embeddable":true,"href":"https:\/\/apis-solutions.com\/index.php\/wp-json\/wp\/v2\/users\/1"}],"replies":[{"embeddable":true,"href":"https:\/\/apis-solutions.com\/index.php\/wp-json\/wp\/v2\/comments?post=163"}],"version-history":[{"count":10,"href":"https:\/\/apis-solutions.com\/index.php\/wp-json\/wp\/v2\/pages\/163\/revisions"}],"predecessor-version":[{"id":284,"href":"https:\/\/apis-solutions.com\/index.php\/wp-json\/wp\/v2\/pages\/163\/revisions\/284"}],"wp:attachment":[{"href":"https:\/\/apis-solutions.com\/index.php\/wp-json\/wp\/v2\/media?parent=163"}],"curies":[{"name":"wp","href":"https:\/\/api.w.org\/{rel}","templated":true}]}}