{"id":59,"date":"2021-02-17T17:51:32","date_gmt":"2021-02-17T16:51:32","guid":{"rendered":"http:\/\/apis-solutions.com\/?page_id=59"},"modified":"2022-04-14T13:52:51","modified_gmt":"2022-04-14T11:52:51","slug":"apis-solutions-2","status":"publish","type":"page","link":"https:\/\/apis-solutions.com\/","title":{"rendered":"Apis Solutions"},"content":{"rendered":"\n<div class=\"wp-block-cover alignfull\" style=\"min-height:533px\"><span aria-hidden=\"true\" class=\"wp-block-cover__gradient-background has-background-dim\"><\/span><img loading=\"lazy\" width=\"2560\" height=\"1707\" class=\"wp-block-cover__image-background wp-image-153\" alt=\"\" src=\"https:\/\/apis-solutions.com\/wp-content\/uploads\/2021\/06\/pexels-max-andrey-1333396-scaled.jpg\" style=\"object-position:70% 89%\" data-object-fit=\"cover\" data-object-position=\"70% 89%\" srcset=\"https:\/\/apis-solutions.com\/wp-content\/uploads\/2021\/06\/pexels-max-andrey-1333396-scaled.jpg 2560w, https:\/\/apis-solutions.com\/wp-content\/uploads\/2021\/06\/pexels-max-andrey-1333396-300x200.jpg 300w, https:\/\/apis-solutions.com\/wp-content\/uploads\/2021\/06\/pexels-max-andrey-1333396-1024x683.jpg 1024w, https:\/\/apis-solutions.com\/wp-content\/uploads\/2021\/06\/pexels-max-andrey-1333396-768x512.jpg 768w, https:\/\/apis-solutions.com\/wp-content\/uploads\/2021\/06\/pexels-max-andrey-1333396-1536x1024.jpg 1536w, https:\/\/apis-solutions.com\/wp-content\/uploads\/2021\/06\/pexels-max-andrey-1333396-2048x1365.jpg 2048w\" sizes=\"(max-width: 2560px) 100vw, 2560px\" \/><div class=\"wp-block-cover__inner-container\">\n<h1><strong>APIS SOLUTIONS&nbsp;<\/strong><\/h1>\n\n\n\n<p class=\"has-text-align-left\" style=\"font-size:40px\">Une approche innovante de la gestion des d\u00e9chets<\/p>\n\n\n\n<p><\/p>\n<\/div><\/div>\n\n\n\n<figure class=\"wp-block-video\"><video controls poster=\"https:\/\/apis-solutions.com\/wp-content\/uploads\/2021\/02\/logo-02-2.png\" src=\"https:\/\/apis-solutions.com\/wp-content\/uploads\/2021\/10\/WhatsApp-Video-2021-10-20-at-19.00.12.mp4\"><\/video><\/figure>\n\n\n\n<h2>Une gestion des d\u00e9chets au cas par cas<\/h2>\n\n\n\n<div class=\"wp-block-media-text alignfull is-stacked-on-mobile is-vertically-aligned-center is-image-fill\"><figure class=\"wp-block-media-text__media\" style=\"background-image:url(https:\/\/apis-solutions.com\/wp-content\/uploads\/2021\/07\/nairobi-2730268_1920-1024x530.jpg);background-position:50% 48%\"><img loading=\"lazy\" width=\"1024\" height=\"530\" src=\"https:\/\/apis-solutions.com\/wp-content\/uploads\/2021\/07\/nairobi-2730268_1920-1024x530.jpg\" alt=\"\" class=\"wp-image-242 size-full\" srcset=\"https:\/\/apis-solutions.com\/wp-content\/uploads\/2021\/07\/nairobi-2730268_1920-1024x530.jpg 1024w, https:\/\/apis-solutions.com\/wp-content\/uploads\/2021\/07\/nairobi-2730268_1920-300x155.jpg 300w, https:\/\/apis-solutions.com\/wp-content\/uploads\/2021\/07\/nairobi-2730268_1920-768x398.jpg 768w, https:\/\/apis-solutions.com\/wp-content\/uploads\/2021\/07\/nairobi-2730268_1920-1536x795.jpg 1536w, https:\/\/apis-solutions.com\/wp-content\/uploads\/2021\/07\/nairobi-2730268_1920.jpg 1920w\" sizes=\"(max-width: 1024px) 100vw, 1024px\" \/><\/figure><div class=\"wp-block-media-text__content\">\n<p style=\"font-size:26px\">Chaque ville fait face \u00e0 des probl\u00e9matiques diff\u00e9rentes, c\u2019est pourquoi Apis Solutions fait le choix d\u2019intervenir \u00e0 la demande des collectivit\u00e9s locales. Nous nous associons \u00e0 elle dans la d\u00e9finition d&rsquo;une solution adapt\u00e9e \u00e0 chaque contexte. Chaque d\u00e9cision est travaill\u00e9e en prenant en compte, les impacts \u00e9cologiques, sociaux, et \u00e9conomiques (ESG), les objectifs de d\u00e9veloppement durables (ODD) et les standards de qualit\u00e9 des investissements en infrastructures (QII).<\/p>\n\n\n\n<p><\/p>\n<\/div><\/div>\n\n\n\n<h2>Accompagner les villes<\/h2>\n\n\n\n<div class=\"wp-block-media-text alignfull has-media-on-the-right is-stacked-on-mobile is-image-fill\"><figure class=\"wp-block-media-text__media\" style=\"background-image:url(https:\/\/apis-solutions.com\/wp-content\/uploads\/2021\/08\/cleaning-4230960_1920-1024x683.jpg);background-position:50% 51%\"><img loading=\"lazy\" width=\"1024\" height=\"683\" src=\"https:\/\/apis-solutions.com\/wp-content\/uploads\/2021\/08\/cleaning-4230960_1920-1024x683.jpg\" alt=\"\" class=\"wp-image-270 size-full\" srcset=\"https:\/\/apis-solutions.com\/wp-content\/uploads\/2021\/08\/cleaning-4230960_1920-1024x683.jpg 1024w, https:\/\/apis-solutions.com\/wp-content\/uploads\/2021\/08\/cleaning-4230960_1920-300x200.jpg 300w, https:\/\/apis-solutions.com\/wp-content\/uploads\/2021\/08\/cleaning-4230960_1920-768x512.jpg 768w, https:\/\/apis-solutions.com\/wp-content\/uploads\/2021\/08\/cleaning-4230960_1920-1536x1024.jpg 1536w, https:\/\/apis-solutions.com\/wp-content\/uploads\/2021\/08\/cleaning-4230960_1920.jpg 1920w\" sizes=\"(max-width: 1024px) 100vw, 1024px\" \/><\/figure><div class=\"wp-block-media-text__content\">\n<p style=\"font-size:26px\">De la collecte des d\u00e9chets en passant par la r\u00e9habilitation des d\u00e9charges existantes jusqu\u2019\u00e0 la revalorisation, Apis Solutions accompagne les communaut\u00e9s locales dans toutes les \u00e9tapes de la gestion des d\u00e9chets. Notre philosophie est de proposer des syst\u00e8mes tout compris tout en appliquant les m\u00eames pr\u00e9occupations de d\u00e9veloppement durable tout au long de la cha\u00eene.<\/p>\n\n\n\n<p><\/p>\n<\/div><\/div>\n\n\n\n<h2>Redonner de la valeur aux d\u00e9chets<\/h2>\n\n\n\n<div class=\"wp-block-media-text alignfull is-stacked-on-mobile is-image-fill\"><figure class=\"wp-block-media-text__media\" style=\"background-image:url(https:\/\/apis-solutions.com\/wp-content\/uploads\/2021\/07\/emerald-4641424_1920-1024x767.jpg);background-position:50% 50%\"><img loading=\"lazy\" width=\"1024\" height=\"767\" src=\"https:\/\/apis-solutions.com\/wp-content\/uploads\/2021\/07\/emerald-4641424_1920-1024x767.jpg\" alt=\"\" class=\"wp-image-243 size-full\" srcset=\"https:\/\/apis-solutions.com\/wp-content\/uploads\/2021\/07\/emerald-4641424_1920-1024x767.jpg 1024w, https:\/\/apis-solutions.com\/wp-content\/uploads\/2021\/07\/emerald-4641424_1920-300x225.jpg 300w, https:\/\/apis-solutions.com\/wp-content\/uploads\/2021\/07\/emerald-4641424_1920-768x576.jpg 768w, https:\/\/apis-solutions.com\/wp-content\/uploads\/2021\/07\/emerald-4641424_1920-1536x1151.jpg 1536w, https:\/\/apis-solutions.com\/wp-content\/uploads\/2021\/07\/emerald-4641424_1920.jpg 1920w\" sizes=\"(max-width: 1024px) 100vw, 1024px\" \/><\/figure><div class=\"wp-block-media-text__content\">\n<p style=\"font-size:26px\">Apis Solutions d\u00e9fend une gestion des d\u00e9chets durables et souhaite leur redonner une valeur et les r\u00e9introduire dans l\u2019\u00e9conomie. Gr\u00e2ce \u00e0 de nouvelles technologies de bioraffinerie environnementale, Apis Solutions transforme les d\u00e9chets en ressources \u00e9nerg\u00e9tiques propres et en compost pour r\u00e9g\u00e9n\u00e9rer les sols. Une gestion des d\u00e9chets durable permet aux villes de d\u00e9velopper des mix \u00e9nerg\u00e9tiques plus respectueux de l\u2019environnement et de r\u00e9duire au maximum la quantit\u00e9 de d\u00e9chets ultimes enfouis.<\/p>\n\n\n\n<p><\/p>\n<\/div><\/div>\n\n\n\n<h2>Apis solutions propose des expertises plurielles au service des villes<\/h2>\n\n\n\n<div class=\"wp-block-columns\">\n<div class=\"wp-block-column\" style=\"flex-basis:100%\">\n<div class=\"wp-block-columns alignfull\">\n<div class=\"wp-block-column is-vertically-aligned-top\">\n<div class=\"wp-block-image\"><figure class=\"aligncenter size-large\"><img loading=\"lazy\" width=\"140\" height=\"140\" src=\"https:\/\/apis-solutions.com\/wp-content\/uploads\/2021\/08\/streamline-icon-money-cash-bag-dollar@140x140-1.png\" alt=\"\" class=\"wp-image-277\"\/><\/figure><\/div>\n\n\n\n<p class=\"has-text-align-center\">Accompagnement<\/p>\n\n\n\n<p class=\"has-text-align-center\">Financer et g\u00e9rer les projets d\u00e8s leur pr\u00e9mices<\/p>\n\n\n\n<div class=\"wp-container-1 wp-block-buttons alignwide\">\n<div class=\"wp-block-button\"><a class=\"wp-block-button__link\" href=\"https:\/\/apis-solutions.com\/index.php\/nos-expertises\/#Financement\">En savoir plus<\/a><\/div>\n<\/div>\n<\/div>\n\n\n\n<div class=\"wp-block-column\">\n<div class=\"wp-block-image\"><figure class=\"aligncenter size-large\"><img loading=\"lazy\" width=\"140\" height=\"140\" src=\"https:\/\/apis-solutions.com\/wp-content\/uploads\/2021\/01\/streamline-icon-garbage-bin-throw@140x140-1.png\" alt=\"\" class=\"wp-image-62\"\/><\/figure><\/div>\n\n\n\n<p class=\"has-text-align-center\">Pr\u00e9-collecte<\/p>\n\n\n\n<p class=\"has-text-align-center\">Des syst\u00e8mes innovants adapt\u00e9s aux besoins locaux<\/p>\n\n\n\n<div class=\"wp-container-2 wp-block-buttons\">\n<div class=\"wp-block-button\"><a class=\"wp-block-button__link\" href=\"https:\/\/apis-solutions.com\/index.php\/nos-expertises\/#Pre-collecte\">En savoir plus<\/a><\/div>\n<\/div>\n<\/div>\n\n\n\n<div class=\"wp-block-column\">\n<div class=\"wp-block-image\"><figure class=\"aligncenter size-large\"><img loading=\"lazy\" width=\"140\" height=\"140\" src=\"https:\/\/apis-solutions.com\/wp-content\/uploads\/2021\/01\/streamline-icon-button-refresh-arrows@140x140.png\" alt=\"\" class=\"wp-image-64\"\/><\/figure><\/div>\n\n\n\n<p class=\"has-text-align-center\">Traitement des d\u00e9chets<\/p>\n\n\n\n<p class=\"has-text-align-center\">Utiliser l&rsquo;ensemble des d\u00e9chets comme une ressource<\/p>\n\n\n\n<div class=\"wp-container-3 wp-block-buttons alignfull\">\n<div class=\"wp-block-button\"><a class=\"wp-block-button__link\" href=\"https:\/\/apis-solutions.com\/index.php\/nos-expertises\/#traitement-dechet\">En savoir plus<\/a><\/div>\n<\/div>\n<\/div>\n\n\n\n<div class=\"wp-block-column\">\n<div class=\"wp-block-image\"><figure class=\"aligncenter size-large\"><img loading=\"lazy\" width=\"140\" height=\"140\" src=\"https:\/\/apis-solutions.com\/wp-content\/uploads\/2021\/01\/streamline-icon-add-bold@140x140.png\" alt=\"\" class=\"wp-image-63\"\/><\/figure><\/div>\n\n\n\n<p class=\"has-text-align-center\">Traitement des d\u00e9charges<\/p>\n\n\n\n<p class=\"has-text-align-center\">R\u00e9habiliter et reconqu\u00e9rir les territoires des d\u00e9charges<\/p>\n\n\n\n<div class=\"wp-container-4 wp-block-buttons\">\n<div class=\"wp-block-button\"><a class=\"wp-block-button__link\" href=\"https:\/\/apis-solutions.com\/index.php\/nos-expertises\/#decharge\">En savoir plus<\/a><\/div>\n<\/div>\n\n\n\n<p><\/p>\n<\/div>\n<\/div>\n<\/div>\n<\/div>\n\n\n\n<h2>Apis Solutions a \u00e9t\u00e9 fond\u00e9e par des soci\u00e9t\u00e9s qui partagent une vision commune des enjeux de d\u00e9veloppement urbains et environnementaux : <\/h2>\n\n\n\n<figure class=\"wp-block-gallery aligncenter has-nested-images columns-5\">\n<figure class=\"wp-block-image size-full\"><img loading=\"lazy\" width=\"231\" height=\"120\" data-id=\"68\"  src=\"https:\/\/apis-solutions.com\/wp-content\/uploads\/2021\/01\/logo-adonis-1.jpg\" alt=\"\" class=\"wp-image-68\"\/><\/figure>\n\n\n\n<figure class=\"wp-block-image size-full\"><img loading=\"lazy\" width=\"1226\" height=\"296\" data-id=\"70\"  src=\"https:\/\/apis-solutions.com\/wp-content\/uploads\/2021\/01\/LOGO-GI-vert-HTE-RES-1.jpg\" alt=\"Apis-Logo-Gregori-International\" class=\"wp-image-70\" srcset=\"https:\/\/apis-solutions.com\/wp-content\/uploads\/2021\/01\/LOGO-GI-vert-HTE-RES-1.jpg 1226w, https:\/\/apis-solutions.com\/wp-content\/uploads\/2021\/01\/LOGO-GI-vert-HTE-RES-1-300x72.jpg 300w, https:\/\/apis-solutions.com\/wp-content\/uploads\/2021\/01\/LOGO-GI-vert-HTE-RES-1-1024x247.jpg 1024w, https:\/\/apis-solutions.com\/wp-content\/uploads\/2021\/01\/LOGO-GI-vert-HTE-RES-1-768x185.jpg 768w\" sizes=\"(max-width: 1226px) 100vw, 1226px\" \/><\/figure>\n\n\n\n<figure class=\"wp-block-image size-full\"><img loading=\"lazy\" width=\"303\" height=\"180\" data-id=\"69\"  src=\"https:\/\/apis-solutions.com\/wp-content\/uploads\/2021\/01\/Logo_Mya_Partners-1.png\" alt=\"\" class=\"wp-image-69\" srcset=\"https:\/\/apis-solutions.com\/wp-content\/uploads\/2021\/01\/Logo_Mya_Partners-1.png 303w, https:\/\/apis-solutions.com\/wp-content\/uploads\/2021\/01\/Logo_Mya_Partners-1-300x178.png 300w\" sizes=\"(max-width: 303px) 100vw, 303px\" \/><\/figure>\n\n\n\n<figure class=\"wp-block-image size-full\"><img loading=\"lazy\" width=\"1024\" height=\"360\" data-id=\"230\"  src=\"https:\/\/apis-solutions.com\/wp-content\/uploads\/2021\/06\/logoARB-Capital_rvbEN.png\" alt=\"\" class=\"wp-image-230\" srcset=\"https:\/\/apis-solutions.com\/wp-content\/uploads\/2021\/06\/logoARB-Capital_rvbEN.png 1024w, https:\/\/apis-solutions.com\/wp-content\/uploads\/2021\/06\/logoARB-Capital_rvbEN-300x105.png 300w, https:\/\/apis-solutions.com\/wp-content\/uploads\/2021\/06\/logoARB-Capital_rvbEN-768x270.png 768w\" sizes=\"(max-width: 1024px) 100vw, 1024px\" \/><\/figure>\n\n\n\n<figure class=\"wp-block-image size-full\"><img loading=\"lazy\" width=\"2434\" height=\"738\" data-id=\"222\"  src=\"https:\/\/apis-solutions.com\/wp-content\/uploads\/2021\/06\/KERTALG-logo-fond-blanc-1.png\" alt=\"\" class=\"wp-image-222\" srcset=\"https:\/\/apis-solutions.com\/wp-content\/uploads\/2021\/06\/KERTALG-logo-fond-blanc-1.png 2434w, https:\/\/apis-solutions.com\/wp-content\/uploads\/2021\/06\/KERTALG-logo-fond-blanc-1-300x91.png 300w, https:\/\/apis-solutions.com\/wp-content\/uploads\/2021\/06\/KERTALG-logo-fond-blanc-1-1024x310.png 1024w, https:\/\/apis-solutions.com\/wp-content\/uploads\/2021\/06\/KERTALG-logo-fond-blanc-1-768x233.png 768w, https:\/\/apis-solutions.com\/wp-content\/uploads\/2021\/06\/KERTALG-logo-fond-blanc-1-1536x466.png 1536w, https:\/\/apis-solutions.com\/wp-content\/uploads\/2021\/06\/KERTALG-logo-fond-blanc-1-2048x621.png 2048w\" sizes=\"(max-width: 2434px) 100vw, 2434px\" \/><\/figure>\n<\/figure>\n\n\n\n<p><\/p>\n","protected":false},"excerpt":{"rendered":"<p>Une gestion des d\u00e9chets au cas par cas Chaque ville fait face \u00e0 des probl\u00e9matiques diff\u00e9rentes, c\u2019est pourquoi Apis Solutions fait le choix d\u2019intervenir \u00e0 la demande des collectivit\u00e9s locales. Nous nous associons \u00e0 elle dans la d\u00e9finition d&rsquo;une solution adapt\u00e9e \u00e0 chaque contexte. Chaque d\u00e9cision est travaill\u00e9e en prenant en compte, les impacts \u00e9cologiques, sociaux, et \u00e9conomiques (ESG), les objectifs de d\u00e9veloppement durables (ODD) et les standards de qualit\u00e9 des investissements en infrastructures (QII). Accompagner les villes De la collecte des d\u00e9chets en passant par la r\u00e9habilitation des d\u00e9charges existantes jusqu\u2019\u00e0 la revalorisation, Apis Solutions accompagne les communaut\u00e9s locales\u2026<\/p>\n","protected":false},"author":1,"featured_media":114,"parent":0,"menu_order":0,"comment_status":"closed","ping_status":"closed","template":"","meta":[],"blocksy_meta":"","yoast_head":"<!-- This site is optimized with the Yoast SEO plugin v19.13 - https:\/\/yoast.com\/wordpress\/plugins\/seo\/ -->\n<title>Apis Solutions - Apis-Solutions<\/title>\n<meta name=\"description\" content=\"Apis Solutions d\u00e9veloppe des solutions int\u00e9gr\u00e9es de gestion des d\u00e9chets afin d&#039;aider les villes \u00e0 traiter leurs d\u00e9chets de fa\u00e7on durable\" \/>\n<meta name=\"robots\" content=\"index, follow, max-snippet:-1, max-image-preview:large, max-video-preview:-1\" \/>\n<link rel=\"canonical\" href=\"https:\/\/apis-solutions.com\/\" \/>\n<meta property=\"og:locale\" content=\"fr_FR\" \/>\n<meta property=\"og:type\" content=\"article\" \/>\n<meta property=\"og:title\" content=\"Apis Solutions - Apis-Solutions\" \/>\n<meta property=\"og:description\" content=\"Apis Solutions d\u00e9veloppe des solutions int\u00e9gr\u00e9es de gestion des d\u00e9chets afin d&#039;aider les villes \u00e0 traiter leurs d\u00e9chets de fa\u00e7on durable\" \/>\n<meta property=\"og:url\" content=\"https:\/\/apis-solutions.com\/\" \/>\n<meta property=\"og:site_name\" content=\"Apis-Solutions\" \/>\n<meta property=\"article:modified_time\" content=\"2022-04-14T11:52:51+00:00\" \/>\n<meta property=\"og:image\" content=\"https:\/\/apis-solutions.com\/wp-content\/uploads\/2021\/02\/logo-02-1.png\" \/>\n\t<meta property=\"og:image:width\" content=\"8334\" \/>\n\t<meta property=\"og:image:height\" content=\"8334\" \/>\n\t<meta property=\"og:image:type\" content=\"image\/png\" \/>\n<meta name=\"twitter:card\" content=\"summary_large_image\" \/>\n<meta name=\"twitter:label1\" content=\"Dur\u00e9e de lecture estim\u00e9e\" \/>\n\t<meta name=\"twitter:data1\" content=\"5 minutes\" \/>\n<script type=\"application\/ld+json\" class=\"yoast-schema-graph\">{\"@context\":\"https:\/\/schema.org\",\"@graph\":[{\"@type\":\"WebPage\",\"@id\":\"https:\/\/apis-solutions.com\/\",\"url\":\"https:\/\/apis-solutions.com\/\",\"name\":\"Apis Solutions - Apis-Solutions\",\"isPartOf\":{\"@id\":\"https:\/\/apis-solutions.com\/#website\"},\"datePublished\":\"2021-02-17T16:51:32+00:00\",\"dateModified\":\"2022-04-14T11:52:51+00:00\",\"description\":\"Apis Solutions d\u00e9veloppe des solutions int\u00e9gr\u00e9es de gestion des d\u00e9chets afin d'aider les villes \u00e0 traiter leurs d\u00e9chets de fa\u00e7on durable\",\"breadcrumb\":{\"@id\":\"https:\/\/apis-solutions.com\/#breadcrumb\"},\"inLanguage\":\"fr-FR\",\"potentialAction\":[{\"@type\":\"ReadAction\",\"target\":[\"https:\/\/apis-solutions.com\/\"]}]},{\"@type\":\"BreadcrumbList\",\"@id\":\"https:\/\/apis-solutions.com\/#breadcrumb\",\"itemListElement\":[{\"@type\":\"ListItem\",\"position\":1,\"name\":\"Accueil\",\"item\":\"https:\/\/apis-solutions.com\/\"},{\"@type\":\"ListItem\",\"position\":2,\"name\":\"Apis Solutions\"}]},{\"@type\":\"WebSite\",\"@id\":\"https:\/\/apis-solutions.com\/#website\",\"url\":\"https:\/\/apis-solutions.com\/\",\"name\":\"Apis-Solutions\",\"description\":\"\",\"publisher\":{\"@id\":\"https:\/\/apis-solutions.com\/#organization\"},\"potentialAction\":[{\"@type\":\"SearchAction\",\"target\":{\"@type\":\"EntryPoint\",\"urlTemplate\":\"https:\/\/apis-solutions.com\/?s={search_term_string}\"},\"query-input\":\"required name=search_term_string\"}],\"inLanguage\":\"fr-FR\"},{\"@type\":\"Organization\",\"@id\":\"https:\/\/apis-solutions.com\/#organization\",\"name\":\"Apis-Solutions\",\"url\":\"https:\/\/apis-solutions.com\/\",\"logo\":{\"@type\":\"ImageObject\",\"inLanguage\":\"fr-FR\",\"@id\":\"https:\/\/apis-solutions.com\/#\/schema\/logo\/image\/\",\"url\":\"https:\/\/apis-solutions.com\/wp-content\/uploads\/2021\/02\/logo-02-1.png\",\"contentUrl\":\"https:\/\/apis-solutions.com\/wp-content\/uploads\/2021\/02\/logo-02-1.png\",\"width\":8334,\"height\":8334,\"caption\":\"Apis-Solutions\"},\"image\":{\"@id\":\"https:\/\/apis-solutions.com\/#\/schema\/logo\/image\/\"}}]}<\/script>\n<!-- \/ Yoast SEO plugin. -->","yoast_head_json":{"title":"Apis Solutions - Apis-Solutions","description":"Apis Solutions d\u00e9veloppe des solutions int\u00e9gr\u00e9es de gestion des d\u00e9chets afin d'aider les villes \u00e0 traiter leurs d\u00e9chets de fa\u00e7on durable","robots":{"index":"index","follow":"follow","max-snippet":"max-snippet:-1","max-image-preview":"max-image-preview:large","max-video-preview":"max-video-preview:-1"},"canonical":"https:\/\/apis-solutions.com\/","og_locale":"fr_FR","og_type":"article","og_title":"Apis Solutions - Apis-Solutions","og_description":"Apis Solutions d\u00e9veloppe des solutions int\u00e9gr\u00e9es de gestion des d\u00e9chets afin d'aider les villes \u00e0 traiter leurs d\u00e9chets de fa\u00e7on durable","og_url":"https:\/\/apis-solutions.com\/","og_site_name":"Apis-Solutions","article_modified_time":"2022-04-14T11:52:51+00:00","og_image":[{"width":8334,"height":8334,"url":"https:\/\/apis-solutions.com\/wp-content\/uploads\/2021\/02\/logo-02-1.png","type":"image\/png"}],"twitter_card":"summary_large_image","twitter_misc":{"Dur\u00e9e de lecture estim\u00e9e":"5 minutes"},"schema":{"@context":"https:\/\/schema.org","@graph":[{"@type":"WebPage","@id":"https:\/\/apis-solutions.com\/","url":"https:\/\/apis-solutions.com\/","name":"Apis Solutions - Apis-Solutions","isPartOf":{"@id":"https:\/\/apis-solutions.com\/#website"},"datePublished":"2021-02-17T16:51:32+00:00","dateModified":"2022-04-14T11:52:51+00:00","description":"Apis Solutions d\u00e9veloppe des solutions int\u00e9gr\u00e9es de gestion des d\u00e9chets afin d'aider les villes \u00e0 traiter leurs d\u00e9chets de fa\u00e7on durable","breadcrumb":{"@id":"https:\/\/apis-solutions.com\/#breadcrumb"},"inLanguage":"fr-FR","potentialAction":[{"@type":"ReadAction","target":["https:\/\/apis-solutions.com\/"]}]},{"@type":"BreadcrumbList","@id":"https:\/\/apis-solutions.com\/#breadcrumb","itemListElement":[{"@type":"ListItem","position":1,"name":"Accueil","item":"https:\/\/apis-solutions.com\/"},{"@type":"ListItem","position":2,"name":"Apis Solutions"}]},{"@type":"WebSite","@id":"https:\/\/apis-solutions.com\/#website","url":"https:\/\/apis-solutions.com\/","name":"Apis-Solutions","description":"","publisher":{"@id":"https:\/\/apis-solutions.com\/#organization"},"potentialAction":[{"@type":"SearchAction","target":{"@type":"EntryPoint","urlTemplate":"https:\/\/apis-solutions.com\/?s={search_term_string}"},"query-input":"required name=search_term_string"}],"inLanguage":"fr-FR"},{"@type":"Organization","@id":"https:\/\/apis-solutions.com\/#organization","name":"Apis-Solutions","url":"https:\/\/apis-solutions.com\/","logo":{"@type":"ImageObject","inLanguage":"fr-FR","@id":"https:\/\/apis-solutions.com\/#\/schema\/logo\/image\/","url":"https:\/\/apis-solutions.com\/wp-content\/uploads\/2021\/02\/logo-02-1.png","contentUrl":"https:\/\/apis-solutions.com\/wp-content\/uploads\/2021\/02\/logo-02-1.png","width":8334,"height":8334,"caption":"Apis-Solutions"},"image":{"@id":"https:\/\/apis-solutions.com\/#\/schema\/logo\/image\/"}}]}},"_links":{"self":[{"href":"https:\/\/apis-solutions.com\/index.php\/wp-json\/wp\/v2\/pages\/59"}],"collection":[{"href":"https:\/\/apis-solutions.com\/index.php\/wp-json\/wp\/v2\/pages"}],"about":[{"href":"https:\/\/apis-solutions.com\/index.php\/wp-json\/wp\/v2\/types\/page"}],"author":[{"embeddable":true,"href":"https:\/\/apis-solutions.com\/index.php\/wp-json\/wp\/v2\/users\/1"}],"replies":[{"embeddable":true,"href":"https:\/\/apis-solutions.com\/index.php\/wp-json\/wp\/v2\/comments?post=59"}],"version-history":[{"count":39,"href":"https:\/\/apis-solutions.com\/index.php\/wp-json\/wp\/v2\/pages\/59\/revisions"}],"predecessor-version":[{"id":301,"href":"https:\/\/apis-solutions.com\/index.php\/wp-json\/wp\/v2\/pages\/59\/revisions\/301"}],"wp:featuredmedia":[{"embeddable":true,"href":"https:\/\/apis-solutions.com\/index.php\/wp-json\/wp\/v2\/media\/114"}],"wp:attachment":[{"href":"https:\/\/apis-solutions.com\/index.php\/wp-json\/wp\/v2\/media?parent=59"}],"curies":[{"name":"wp","href":"https:\/\/api.w.org\/{rel}","templated":true}]}}